{"id":13349,"date":"2021-06-03T08:46:04","date_gmt":"2021-06-03T07:46:04","guid":{"rendered":"https:\/\/demo2wpopal.b-cdn.net\/humani\/?page_id=13349"},"modified":"2021-09-25T15:08:27","modified_gmt":"2021-09-25T14:08:27","slug":"dhuro","status":"publish","type":"page","link":"https:\/\/udhetimiilire.org\/en\/dhuro\/","title":{"rendered":"Donate"},"content":{"rendered":"<div data-elementor-type=\"wp-page\" data-elementor-id=\"13349\" class=\"elementor elementor-13349\" data-elementor-settings=\"[]\">\n\t\t\t\t\t\t<div class=\"elementor-inner\">\n\t\t\t\t\t\t\t<div class=\"elementor-section-wrap\">\n\t\t\t\t\t\t\t<div class=\"elementor-section elementor-top-section elementor-element elementor-element-63b1854 elementor-section-boxed elementor-section-height-default elementor-section-height-default\" data-id=\"63b1854\" data-element_type=\"section\">\n\t\t\t\t\t\t<div class=\"elementor-container elementor-column-gap-no\">\n\t\t\t\t\t\t\t<div class=\"elementor-row\">\n\t\t\t\t\t<div class=\"elementor-column elementor-col-100 elementor-top-column elementor-element elementor-element-00a9cf2\" data-id=\"00a9cf2\" data-element_type=\"column\">\n\t\t\t<div class=\"elementor-column-wrap elementor-element-populated\">\n\t\t\t\t\t\t\t<div class=\"elementor-widget-wrap\">\n\t\t\t\t\t\t<div class=\"elementor-element elementor-element-68eafe6 elementor-widget elementor-widget-text-editor\" data-id=\"68eafe6\" data-element_type=\"widget\" data-widget_type=\"text-editor.default\">\n\t\t\t\t<div class=\"elementor-widget-container\">\n\t\t\t\t\t\t\t\t<div class=\"elementor-text-editor elementor-clearfix\">\n\t\t\t\t<p style=\"text-align:justify\"> \u00c7do donacioni nga ana juaj na ndihmon t\u00eb rritemi si organizat\u00eb, dhe t\u00eb ndihmojm\u00eb t\u00eb rinjt\u00eb p\u00ebr t\u00eb qen\u00eb m\u00eb aktiv n\u00eb jet\u00ebn e tyre sociale. <\/p>\t\t\t\t\t<\/div>\n\t\t\t\t\t\t<\/div>\n\t\t\t\t<\/div>\n\t\t\t\t\t\t<\/div>\n\t\t\t\t\t<\/div>\n\t\t<\/div>\n\t\t\t\t\t\t\t\t<\/div>\n\t\t\t\t\t<\/div>\n\t\t<\/div>\n\t\t\t\t\t\t<\/div>\n\t\t\t\t\t\t<\/div>\n\t\t\t\t\t<\/div>","protected":false},"excerpt":{"rendered":"<p>\u00c7do donacioni nga ana juaj na ndihmon t\u00eb rritemi si organizat\u00eb, dhe t\u00eb ndihmojm\u00eb t\u00eb rinjt\u00eb p\u00ebr t\u00eb qen\u00eb m\u00eb aktiv n\u00eb jet\u00ebn e tyre sociale. Notice: Test mode is enabled. While in test mode no live donations are processed. &#36; Donation Amount: &#36;10.00 &#36;25.00 &#36;50.00 &#36;100.00 &#36;250.00 Custom Amount Select Payment Method Test Donation [&hellip;]<\/p>","protected":false},"author":1,"featured_media":0,"parent":0,"menu_order":0,"comment_status":"closed","ping_status":"closed","template":"","meta":[],"_links":{"self":[{"href":"https:\/\/udhetimiilire.org\/en\/wp-json\/wp\/v2\/pages\/13349"}],"collection":[{"href":"https:\/\/udhetimiilire.org\/en\/wp-json\/wp\/v2\/pages"}],"about":[{"href":"https:\/\/udhetimiilire.org\/en\/wp-json\/wp\/v2\/types\/page"}],"author":[{"embeddable":true,"href":"https:\/\/udhetimiilire.org\/en\/wp-json\/wp\/v2\/users\/1"}],"replies":[{"embeddable":true,"href":"https:\/\/udhetimiilire.org\/en\/wp-json\/wp\/v2\/comments?post=13349"}],"version-history":[{"count":11,"href":"https:\/\/udhetimiilire.org\/en\/wp-json\/wp\/v2\/pages\/13349\/revisions"}],"predecessor-version":[{"id":16698,"href":"https:\/\/udhetimiilire.org\/en\/wp-json\/wp\/v2\/pages\/13349\/revisions\/16698"}],"wp:attachment":[{"href":"https:\/\/udhetimiilire.org\/en\/wp-json\/wp\/v2\/media?parent=13349"}],"curies":[{"name":"wp","href":"https:\/\/api.w.org\/{rel}","templated":true}]}}